{"id":1135,"date":"2021-11-01T18:11:18","date_gmt":"2021-11-01T17:11:18","guid":{"rendered":"http:\/\/koza.etnomuzeum.pl\/?page_id=1135"},"modified":"2021-11-01T18:44:37","modified_gmt":"2021-11-01T17:44:37","slug":"literature","status":"publish","type":"page","link":"http:\/\/koza.etnomuzeum.pl\/?page_id=1135&lang=en","title":{"rendered":"literature"},"content":{"rendered":"[vc_row type=&#8221;full_width_content&#8221; full_screen_row_position=&#8221;middle&#8221; column_margin=&#8221;default&#8221; column_direction=&#8221;default&#8221; column_direction_tablet=&#8221;default&#8221; column_direction_phone=&#8221;default&#8221; mouse_based_parallax_bg=&#8221;true&#8221; scene_position=&#8221;center&#8221; mouse_sensitivity=&#8221;25&#8243; layer_one_image=&#8221;322&#8243; layer_one_strength=&#8221;0.1&#8243; layer_three_image=&#8221;1139&#8243; layer_three_strength=&#8221;1&#8243; bottom_padding=&#8221;737&#8243; text_color=&#8221;dark&#8221; text_align=&#8221;left&#8221; row_border_radius=&#8221;none&#8221; row_border_radius_applies=&#8221;bg&#8221; overlay_strength=&#8221;0.3&#8243; gradient_direction=&#8221;left_to_right&#8221; shape_divider_position=&#8221;bottom&#8221; bg_image_animation=&#8221;none&#8221; shape_type=&#8221;&#8221;][vc_column column_padding=&#8221;no-extra-padding&#8221; column_padding_tablet=&#8221;inherit&#8221; column_padding_phone=&#8221;inherit&#8221; column_padding_position=&#8221;all&#8221; column_element_spacing=&#8221;default&#8221; background_color_opacity=&#8221;1&#8243; background_hover_color_opacity=&#8221;1&#8243; column_shadow=&#8221;none&#8221; column_border_radius=&#8221;none&#8221; column_link_target=&#8221;_self&#8221; gradient_direction=&#8221;left_to_right&#8221; overlay_strength=&#8221;0.3&#8243; width=&#8221;1\/1&#8243; tablet_width_inherit=&#8221;default&#8221; tablet_text_alignment=&#8221;default&#8221; phone_text_alignment=&#8221;default&#8221; bg_image_animation=&#8221;none&#8221; border_type=&#8221;simple&#8221; column_border_width=&#8221;none&#8221; column_border_style=&#8221;solid&#8221;][image_with_animation image_url=&#8221;1137&#8243; animation=&#8221;Fade In&#8221; hover_animation=&#8221;none&#8221; alignment=&#8221;center&#8221; border_radius=&#8221;none&#8221; box_shadow=&#8221;none&#8221; image_loading=&#8221;default&#8221; max_width=&#8221;100%&#8221; max_width_mobile=&#8221;default&#8221;][\/vc_column][\/vc_row][vc_row type=&#8221;in_container&#8221; full_screen_row_position=&#8221;middle&#8221; column_margin=&#8221;default&#8221; column_direction=&#8221;default&#8221; column_direction_tablet=&#8221;default&#8221; column_direction_phone=&#8221;default&#8221; scene_position=&#8221;center&#8221; text_color=&#8221;dark&#8221; text_align=&#8221;left&#8221; row_border_radius=&#8221;none&#8221; row_border_radius_applies=&#8221;bg&#8221; overlay_strength=&#8221;0.3&#8243; gradient_direction=&#8221;left_to_right&#8221; shape_divider_position=&#8221;bottom&#8221; bg_image_animation=&#8221;none&#8221;][vc_column column_padding=&#8221;no-extra-padding&#8221; column_padding_tablet=&#8221;inherit&#8221; column_padding_phone=&#8221;inherit&#8221; column_padding_position=&#8221;left-right&#8221; top_margin=&#8221;70&#8243; bottom_margin=&#8221;110&#8243; column_element_spacing=&#8221;default&#8221; background_color_opacity=&#8221;1&#8243; background_hover_color_opacity=&#8221;1&#8243; column_shadow=&#8221;none&#8221; column_border_radius=&#8221;none&#8221; column_link_target=&#8221;_self&#8221; gradient_direction=&#8221;left_to_right&#8221; overlay_strength=&#8221;0.3&#8243; width=&#8221;1\/1&#8243; tablet_width_inherit=&#8221;default&#8221; tablet_text_alignment=&#8221;default&#8221; phone_text_alignment=&#8221;default&#8221; bg_image_animation=&#8221;none&#8221; border_type=&#8221;simple&#8221; column_border_width=&#8221;none&#8221; column_border_style=&#8221;solid&#8221; column_link_screen_reader=&#8221;ergergergewrgewrgewrgewrgwhwthrthrth&#8221;][vc_column_text]\n<h3 class=\"p1\" style=\"text-align: center;\">Shrovetide (Zapusty) customs \u2013 \u201eWalking with a Goat\u201d in Kuyawia Region<\/h3>\n<h3 style=\"text-align: center;\"><span style=\"color: #ff0000;\">LITERATURE<\/span><\/h3>\n<p>&nbsp;<\/p>\n<p class=\"p1\"><span class=\"s1\">Czachowski Hubert, Kostrzewa Agnieszka, \u0141opaty\u0144ska Hanna M., <strong><i>Akwizytorzy szcz\u0119\u015bcia. O dawnych i wsp\u00f3\u0142czesnych kol\u0119dnikach<\/i><\/strong>,<br \/>\nToru\u0144 2020.<\/span><\/p>\n<p class=\"p1\"><span class=\"s2\">Czachowski Hubert, Paw\u0142owska Krystyna, <i>Plastyka w obrz\u0119dach i zwyczajach<\/i> [w:] <i>Sztuka ludowa Kujaw. Przesz\u0142o\u015b\u0107 i tera\u017aniejszo\u015b\u0107<\/i>, red. Wanda Szkulmowska, Bydgoszcz 1997, s. 167-181.<\/span><\/p>\n<p class=\"p1\"><span class=\"s2\">Kolberg Oskar, <i>Kujawy<\/i>, cz. I, <i>Dzie\u0142a wszystkie<\/i>, t. 3, Wroc\u0142aw-Pozna\u0144 1962.<\/span><\/p>\n<p class=\"p1\"><span class=\"s2\">Kurant Jadwiga, <i>Obrz\u0119dy i zwyczaje ludowe na Kujawach. Widowiska sceniczne i plenerowe<\/i>, W\u0142oc\u0142awek 2013. <\/span><\/p>\n<p class=\"p1\"><span class=\"s2\">Lange Roderyk, Krzy\u017caniak Barbara, Pawlak Aleksander, <i>Folklor Kujaw<\/i>, Warszawa 1990.<\/span><\/p>\n<p class=\"p1\"><span class=\"s2\">Pawlak Aleksander, <i>Folkor muzyczny Kujaw<\/i>, Krak\u00f3w 1981.<\/span><\/p>\n<p class=\"p1\"><span class=\"s2\">Paw\u0142owska Krystyna, <i>XX Korow\u00f3d Grup Zapustnych ulicami W\u0142oc\u0142awka. Informator jubileuszowy<\/i>, W\u0142oc\u0142awek 2009.<\/span><\/p>\n<p class=\"p1\"><span class=\"s2\">Paw\u0142owska Krystyna,\u00a0<i>Ludowe zapusty, ich symbolika i magiczny sens<\/i>, \u201eZapiski Kujawsko-Dobrzy\u0144skie\u201d, t. 11, W\u0142oc\u0142awek 1997, s. 95\u2013105.<\/span><\/p>\n<p class=\"p1\"><span class=\"s2\">Paw\u0142owska Krystyna,\u00a0<i>Zapusty na Kujawach. Analiza struktury obrz\u0119du<\/i>, \u201eRocznik Muzealny\u201d, t. 2, W\u0142oc\u0142awek 1988, s. 115\u2013149.<\/span><\/p>\n<p class=\"p1\"><span class=\"s2\">Paw\u0142owska Krystyna,<i> Zwyczaje i obrz\u0119dy doroczne na Kujawach<\/i>, W\u0142oc\u0142awek 2003.<\/span><\/p>\n<p class=\"p1\"><span class=\"s2\">Paw\u0142owska Krystyna, Beata W\u0105sik, <i>Kujawskie zapusty. Od obrz\u0119du do zabawy<\/i>, W\u0142oc\u0142awek 2014.<\/span><\/p>\n<p class=\"p1\"><span class=\"s2\">Sk\u0142odowska-Antonowicz Kalina, <i>Obrz\u0119dy doroczne i zwyczaje na Kujawach<\/i>, \u201eLiteratura Ludowa\u201d, R. 7, 1963, nr 4, s. 21-28.<\/span><\/p>\n<p class=\"p1\"><span class=\"s2\">Sk\u0142odowska-Antonowicz Kalina, <i>Obrz\u0119dy zapustne w Szymborzu na Kujawach<\/i> [w:] <i>Od obrz\u0119du do teatru obrz\u0119dowego<\/i>, Ciechan\u00f3w 1990, s. 223-224.<\/span><\/p>\n<p class=\"p1\"><span class=\"s2\">Stelmachowska Bo\u017cena, <i>Podkozio\u0142ek w obrz\u0119dowo\u015bci zapustnej Polski Zachodniej<\/i>, Pozna\u0144 1933.<\/span><\/p>\n<p class=\"p1\"><span class=\"s2\">Szkulmowska Wanda, <i>Ziemia rodzinna to Kujawy<\/i>, cz. 1-2, Bydgoszcz 2006.<\/span><\/p>\n<p class=\"p1\"><span class=\"s2\"><i>\u015awiat na opak. Ludowe zapusty, wczoraj i dzi\u015b, na przyk\u0142adzie wybranych region\u00f3w kraju<\/i>, red. Krystyna Pi\u0105tkowska, W\u0142oc\u0142awek 2009.<\/span><\/p>\n[\/vc_column_text][\/vc_column][\/vc_row]\n","protected":false},"excerpt":{"rendered":"<p>[vc_row type=&#8221;full_width_content&#8221; full_screen_row_position=&#8221;middle&#8221; column_margin=&#8221;default&#8221; column_direction=&#8221;default&#8221; column_direction_tablet=&#8221;default&#8221; column_direction_phone=&#8221;default&#8221; mouse_based_parallax_bg=&#8221;true&#8221; scene_position=&#8221;center&#8221; mouse_sensitivity=&#8221;25&#8243; layer_one_image=&#8221;322&#8243; layer_one_strength=&#8221;0.1&#8243; layer_three_image=&#8221;1139&#8243; layer_three_strength=&#8221;1&#8243; bottom_padding=&#8221;737&#8243; text_color=&#8221;dark&#8221; text_align=&#8221;left&#8221; row_border_radius=&#8221;none&#8221; row_border_radius_applies=&#8221;bg&#8221; overlay_strength=&#8221;0.3&#8243; gradient_direction=&#8221;left_to_right&#8221; shape_divider_position=&#8221;bottom&#8221; bg_image_animation=&#8221;none&#8221; shape_type=&#8221;&#8221;][vc_column column_padding=&#8221;no-extra-padding&#8221; column_padding_tablet=&#8221;inherit&#8221; column_padding_phone=&#8221;inherit&#8221; column_padding_position=&#8221;all&#8221; column_element_spacing=&#8221;default&#8221; background_color_opacity=&#8221;1&#8243;&#8230;<\/p>\n","protected":false},"author":1,"featured_media":0,"parent":0,"menu_order":0,"comment_status":"closed","ping_status":"closed","template":"","meta":[],"_links":{"self":[{"href":"http:\/\/koza.etnomuzeum.pl\/index.php?rest_route=\/wp\/v2\/pages\/1135"}],"collection":[{"href":"http:\/\/koza.etnomuzeum.pl\/index.php?rest_route=\/wp\/v2\/pages"}],"about":[{"href":"http:\/\/koza.etnomuzeum.pl\/index.php?rest_route=\/wp\/v2\/types\/page"}],"author":[{"embeddable":true,"href":"http:\/\/koza.etnomuzeum.pl\/index.php?rest_route=\/wp\/v2\/users\/1"}],"replies":[{"embeddable":true,"href":"http:\/\/koza.etnomuzeum.pl\/index.php?rest_route=%2Fwp%2Fv2%2Fcomments&post=1135"}],"version-history":[{"count":4,"href":"http:\/\/koza.etnomuzeum.pl\/index.php?rest_route=\/wp\/v2\/pages\/1135\/revisions"}],"predecessor-version":[{"id":1141,"href":"http:\/\/koza.etnomuzeum.pl\/index.php?rest_route=\/wp\/v2\/pages\/1135\/revisions\/1141"}],"wp:attachment":[{"href":"http:\/\/koza.etnomuzeum.pl\/index.php?rest_route=%2Fwp%2Fv2%2Fmedia&parent=1135"}],"curies":[{"name":"wp","href":"https:\/\/api.w.org\/{rel}","templated":true}]}}